{"id":3613,"date":"2019-08-26T18:38:37","date_gmt":"2019-08-26T16:38:37","guid":{"rendered":"https:\/\/www.sjsk.sk\/?page_id=3613"},"modified":"2019-08-26T18:46:09","modified_gmt":"2019-08-26T16:46:09","slug":"historia-spolocnosti","status":"publish","type":"page","link":"https:\/\/www.sjsk.sk\/index.php\/historia-spolocnosti\/","title":{"rendered":"Historia spolo\u010dnosti"},"content":{"rendered":"\n<div class=\"wp-block-image\"><figure class=\"aligncenter\"><img decoding=\"async\" width=\"1024\" height=\"765\" data-src=\"https:\/\/www.sjsk.sk\/wp-content\/uploads\/2019\/08\/Historia-1024x765.jpg\" alt=\"\" class=\"wp-image-3614 lazyload\" data-srcset=\"https:\/\/www.sjsk.sk\/wp-content\/uploads\/2019\/08\/Historia-1024x765.jpg 1024w, https:\/\/www.sjsk.sk\/wp-content\/uploads\/2019\/08\/Historia-300x224.jpg 300w, https:\/\/www.sjsk.sk\/wp-content\/uploads\/2019\/08\/Historia-768x574.jpg 768w, https:\/\/www.sjsk.sk\/wp-content\/uploads\/2019\/08\/Historia.jpg 1438w\" data-sizes=\"(max-width: 1024px) 100vw, 1024px\" src=\"data:image\/svg+xml;base64,PHN2ZyB3aWR0aD0iMSIgaGVpZ2h0PSIxIiB4bWxucz0iaHR0cDovL3d3dy53My5vcmcvMjAwMC9zdmciPjwvc3ZnPg==\" style=\"--smush-placeholder-width: 1024px; --smush-placeholder-aspect-ratio: 1024\/765;\" \/><\/figure><\/div>\n","protected":false},"excerpt":{"rendered":"","protected":false},"author":1,"featured_media":0,"parent":0,"menu_order":0,"comment_status":"closed","ping_status":"closed","template":"","meta":{"_monsterinsights_skip_tracking":false,"_monsterinsights_sitenote_active":false,"_monsterinsights_sitenote_note":"","_monsterinsights_sitenote_category":0,"footnotes":""},"class_list":["post-3613","page","type-page","status-publish","hentry"],"yoast_head":"<!-- This site is optimized with the Yoast SEO plugin v25.6 - https:\/\/yoast.com\/wordpress\/plugins\/seo\/ -->\n<title>Historia spolo\u010dnosti - SJG Slovakia s.r.o.<\/title>\n<meta name=\"robots\" content=\"index, follow, max-snippet:-1, max-image-preview:large, max-video-preview:-1\" \/>\n<link rel=\"canonical\" href=\"https:\/\/www.sjsk.sk\/index.php\/historia-spolocnosti\/\" \/>\n<meta property=\"og:locale\" content=\"sk_SK\" \/>\n<meta property=\"og:type\" content=\"article\" \/>\n<meta property=\"og:title\" content=\"Historia spolo\u010dnosti - SJG Slovakia s.r.o.\" \/>\n<meta property=\"og:url\" content=\"https:\/\/www.sjsk.sk\/index.php\/historia-spolocnosti\/\" \/>\n<meta property=\"og:site_name\" content=\"SJG Slovakia s.r.o.\" \/>\n<meta property=\"article:modified_time\" content=\"2019-08-26T16:46:09+00:00\" \/>\n<meta property=\"og:image\" content=\"https:\/\/www.sjsk.sk\/wp-content\/uploads\/2019\/08\/Historia-1024x765.jpg\" \/>\n<meta name=\"twitter:card\" content=\"summary_large_image\" \/>\n<script type=\"application\/ld+json\" class=\"yoast-schema-graph\">{\"@context\":\"https:\/\/schema.org\",\"@graph\":[{\"@type\":\"WebPage\",\"@id\":\"https:\/\/www.sjsk.sk\/index.php\/historia-spolocnosti\/\",\"url\":\"https:\/\/www.sjsk.sk\/index.php\/historia-spolocnosti\/\",\"name\":\"Historia spolo\u010dnosti - SJG Slovakia s.r.o.\",\"isPartOf\":{\"@id\":\"https:\/\/www.sjsk.sk\/#website\"},\"primaryImageOfPage\":{\"@id\":\"https:\/\/www.sjsk.sk\/index.php\/historia-spolocnosti\/#primaryimage\"},\"image\":{\"@id\":\"https:\/\/www.sjsk.sk\/index.php\/historia-spolocnosti\/#primaryimage\"},\"thumbnailUrl\":\"https:\/\/www.sjsk.sk\/wp-content\/uploads\/2019\/08\/Historia-1024x765.jpg\",\"datePublished\":\"2019-08-26T16:38:37+00:00\",\"dateModified\":\"2019-08-26T16:46:09+00:00\",\"breadcrumb\":{\"@id\":\"https:\/\/www.sjsk.sk\/index.php\/historia-spolocnosti\/#breadcrumb\"},\"inLanguage\":\"sk-SK\",\"potentialAction\":[{\"@type\":\"ReadAction\",\"target\":[\"https:\/\/www.sjsk.sk\/index.php\/historia-spolocnosti\/\"]}]},{\"@type\":\"ImageObject\",\"inLanguage\":\"sk-SK\",\"@id\":\"https:\/\/www.sjsk.sk\/index.php\/historia-spolocnosti\/#primaryimage\",\"url\":\"https:\/\/www.sjsk.sk\/wp-content\/uploads\/2019\/08\/Historia.jpg\",\"contentUrl\":\"https:\/\/www.sjsk.sk\/wp-content\/uploads\/2019\/08\/Historia.jpg\",\"width\":1438,\"height\":1074},{\"@type\":\"BreadcrumbList\",\"@id\":\"https:\/\/www.sjsk.sk\/index.php\/historia-spolocnosti\/#breadcrumb\",\"itemListElement\":[{\"@type\":\"ListItem\",\"position\":1,\"name\":\"Home\",\"item\":\"https:\/\/www.sjsk.sk\/\"},{\"@type\":\"ListItem\",\"position\":2,\"name\":\"Historia spolo\u010dnosti\"}]},{\"@type\":\"WebSite\",\"@id\":\"https:\/\/www.sjsk.sk\/#website\",\"url\":\"https:\/\/www.sjsk.sk\/\",\"name\":\"SJG Slovakia s.r.o.\",\"description\":\"dc\u00e9rska spolo\u010dnos\u0165 Sejong Industrial Co., Ltd.\",\"potentialAction\":[{\"@type\":\"SearchAction\",\"target\":{\"@type\":\"EntryPoint\",\"urlTemplate\":\"https:\/\/www.sjsk.sk\/?s={search_term_string}\"},\"query-input\":{\"@type\":\"PropertyValueSpecification\",\"valueRequired\":true,\"valueName\":\"search_term_string\"}}],\"inLanguage\":\"sk-SK\"}]}<\/script>\n<!-- \/ Yoast SEO plugin. -->","yoast_head_json":{"title":"Historia spolo\u010dnosti - SJG Slovakia s.r.o.","robots":{"index":"index","follow":"follow","max-snippet":"max-snippet:-1","max-image-preview":"max-image-preview:large","max-video-preview":"max-video-preview:-1"},"canonical":"https:\/\/www.sjsk.sk\/index.php\/historia-spolocnosti\/","og_locale":"sk_SK","og_type":"article","og_title":"Historia spolo\u010dnosti - SJG Slovakia s.r.o.","og_url":"https:\/\/www.sjsk.sk\/index.php\/historia-spolocnosti\/","og_site_name":"SJG Slovakia s.r.o.","article_modified_time":"2019-08-26T16:46:09+00:00","og_image":[{"url":"https:\/\/www.sjsk.sk\/wp-content\/uploads\/2019\/08\/Historia-1024x765.jpg","type":"","width":"","height":""}],"twitter_card":"summary_large_image","schema":{"@context":"https:\/\/schema.org","@graph":[{"@type":"WebPage","@id":"https:\/\/www.sjsk.sk\/index.php\/historia-spolocnosti\/","url":"https:\/\/www.sjsk.sk\/index.php\/historia-spolocnosti\/","name":"Historia spolo\u010dnosti - SJG Slovakia s.r.o.","isPartOf":{"@id":"https:\/\/www.sjsk.sk\/#website"},"primaryImageOfPage":{"@id":"https:\/\/www.sjsk.sk\/index.php\/historia-spolocnosti\/#primaryimage"},"image":{"@id":"https:\/\/www.sjsk.sk\/index.php\/historia-spolocnosti\/#primaryimage"},"thumbnailUrl":"https:\/\/www.sjsk.sk\/wp-content\/uploads\/2019\/08\/Historia-1024x765.jpg","datePublished":"2019-08-26T16:38:37+00:00","dateModified":"2019-08-26T16:46:09+00:00","breadcrumb":{"@id":"https:\/\/www.sjsk.sk\/index.php\/historia-spolocnosti\/#breadcrumb"},"inLanguage":"sk-SK","potentialAction":[{"@type":"ReadAction","target":["https:\/\/www.sjsk.sk\/index.php\/historia-spolocnosti\/"]}]},{"@type":"ImageObject","inLanguage":"sk-SK","@id":"https:\/\/www.sjsk.sk\/index.php\/historia-spolocnosti\/#primaryimage","url":"https:\/\/www.sjsk.sk\/wp-content\/uploads\/2019\/08\/Historia.jpg","contentUrl":"https:\/\/www.sjsk.sk\/wp-content\/uploads\/2019\/08\/Historia.jpg","width":1438,"height":1074},{"@type":"BreadcrumbList","@id":"https:\/\/www.sjsk.sk\/index.php\/historia-spolocnosti\/#breadcrumb","itemListElement":[{"@type":"ListItem","position":1,"name":"Home","item":"https:\/\/www.sjsk.sk\/"},{"@type":"ListItem","position":2,"name":"Historia spolo\u010dnosti"}]},{"@type":"WebSite","@id":"https:\/\/www.sjsk.sk\/#website","url":"https:\/\/www.sjsk.sk\/","name":"SJG Slovakia s.r.o.","description":"dc\u00e9rska spolo\u010dnos\u0165 Sejong Industrial Co., Ltd.","potentialAction":[{"@type":"SearchAction","target":{"@type":"EntryPoint","urlTemplate":"https:\/\/www.sjsk.sk\/?s={search_term_string}"},"query-input":{"@type":"PropertyValueSpecification","valueRequired":true,"valueName":"search_term_string"}}],"inLanguage":"sk-SK"}]}},"_links":{"self":[{"href":"https:\/\/www.sjsk.sk\/index.php\/wp-json\/wp\/v2\/pages\/3613","targetHints":{"allow":["GET"]}}],"collection":[{"href":"https:\/\/www.sjsk.sk\/index.php\/wp-json\/wp\/v2\/pages"}],"about":[{"href":"https:\/\/www.sjsk.sk\/index.php\/wp-json\/wp\/v2\/types\/page"}],"author":[{"embeddable":true,"href":"https:\/\/www.sjsk.sk\/index.php\/wp-json\/wp\/v2\/users\/1"}],"replies":[{"embeddable":true,"href":"https:\/\/www.sjsk.sk\/index.php\/wp-json\/wp\/v2\/comments?post=3613"}],"version-history":[{"count":2,"href":"https:\/\/www.sjsk.sk\/index.php\/wp-json\/wp\/v2\/pages\/3613\/revisions"}],"predecessor-version":[{"id":3616,"href":"https:\/\/www.sjsk.sk\/index.php\/wp-json\/wp\/v2\/pages\/3613\/revisions\/3616"}],"wp:attachment":[{"href":"https:\/\/www.sjsk.sk\/index.php\/wp-json\/wp\/v2\/media?parent=3613"}],"curies":[{"name":"wp","href":"https:\/\/api.w.org\/{rel}","templated":true}]}}