{"id":3621,"date":"2019-08-26T18:51:58","date_gmt":"2019-08-26T16:51:58","guid":{"rendered":"https:\/\/www.sjsk.sk\/?page_id=3621"},"modified":"2019-08-26T18:51:59","modified_gmt":"2019-08-26T16:51:59","slug":"poloha-spolocnosti","status":"publish","type":"page","link":"https:\/\/www.sjsk.sk\/index.php\/poloha-spolocnosti\/","title":{"rendered":"Poloha spolo\u010dnosti"},"content":{"rendered":"\n<p> Kde v\u0161ade p\u00f4sob\u00ed spolo\u010dnos\u0165. Na\u0161e zast\u00fapenie n\u00e1jdete po celkom slovensku. <\/p>\n\n\n\n<figure class=\"wp-block-image\"><img decoding=\"async\" width=\"1024\" height=\"764\" data-src=\"https:\/\/www.sjsk.sk\/wp-content\/uploads\/2019\/08\/Poloha-1-1024x764.jpg\" alt=\"\" class=\"wp-image-3624 lazyload\" data-srcset=\"https:\/\/www.sjsk.sk\/wp-content\/uploads\/2019\/08\/Poloha-1-1024x764.jpg 1024w, https:\/\/www.sjsk.sk\/wp-content\/uploads\/2019\/08\/Poloha-1-300x224.jpg 300w, https:\/\/www.sjsk.sk\/wp-content\/uploads\/2019\/08\/Poloha-1-768x573.jpg 768w, https:\/\/www.sjsk.sk\/wp-content\/uploads\/2019\/08\/Poloha-1.jpg 1440w\" data-sizes=\"(max-width: 1024px) 100vw, 1024px\" src=\"data:image\/svg+xml;base64,PHN2ZyB3aWR0aD0iMSIgaGVpZ2h0PSIxIiB4bWxucz0iaHR0cDovL3d3dy53My5vcmcvMjAwMC9zdmciPjwvc3ZnPg==\" style=\"--smush-placeholder-width: 1024px; --smush-placeholder-aspect-ratio: 1024\/764;\" \/><\/figure>\n","protected":false},"excerpt":{"rendered":"<p>Kde v\u0161ade p\u00f4sob\u00ed spolo\u010dnos\u0165. Na\u0161e zast\u00fapenie n\u00e1jdete po celkom slovensku.<\/p>\n","protected":false},"author":1,"featured_media":0,"parent":0,"menu_order":0,"comment_status":"closed","ping_status":"closed","template":"","meta":{"_monsterinsights_skip_tracking":false,"_monsterinsights_sitenote_active":false,"_monsterinsights_sitenote_note":"","_monsterinsights_sitenote_category":0,"footnotes":""},"class_list":["post-3621","page","type-page","status-publish","hentry"],"yoast_head":"<!-- This site is optimized with the Yoast SEO plugin v25.6 - https:\/\/yoast.com\/wordpress\/plugins\/seo\/ -->\n<title>Poloha spolo\u010dnosti - SJG Slovakia s.r.o.<\/title>\n<meta name=\"robots\" content=\"index, follow, max-snippet:-1, max-image-preview:large, max-video-preview:-1\" \/>\n<link rel=\"canonical\" href=\"https:\/\/www.sjsk.sk\/index.php\/poloha-spolocnosti\/\" \/>\n<meta property=\"og:locale\" content=\"sk_SK\" \/>\n<meta property=\"og:type\" content=\"article\" \/>\n<meta property=\"og:title\" content=\"Poloha spolo\u010dnosti - SJG Slovakia s.r.o.\" \/>\n<meta property=\"og:description\" content=\"Kde v\u0161ade p\u00f4sob\u00ed spolo\u010dnos\u0165. Na\u0161e zast\u00fapenie n\u00e1jdete po celkom slovensku.\" \/>\n<meta property=\"og:url\" content=\"https:\/\/www.sjsk.sk\/index.php\/poloha-spolocnosti\/\" \/>\n<meta property=\"og:site_name\" content=\"SJG Slovakia s.r.o.\" \/>\n<meta property=\"article:modified_time\" content=\"2019-08-26T16:51:59+00:00\" \/>\n<meta property=\"og:image\" content=\"https:\/\/www.sjsk.sk\/wp-content\/uploads\/2019\/08\/Poloha-1-1024x764.jpg\" \/>\n<meta name=\"twitter:card\" content=\"summary_large_image\" \/>\n<script type=\"application\/ld+json\" class=\"yoast-schema-graph\">{\"@context\":\"https:\/\/schema.org\",\"@graph\":[{\"@type\":\"WebPage\",\"@id\":\"https:\/\/www.sjsk.sk\/index.php\/poloha-spolocnosti\/\",\"url\":\"https:\/\/www.sjsk.sk\/index.php\/poloha-spolocnosti\/\",\"name\":\"Poloha spolo\u010dnosti - SJG Slovakia s.r.o.\",\"isPartOf\":{\"@id\":\"https:\/\/www.sjsk.sk\/#website\"},\"primaryImageOfPage\":{\"@id\":\"https:\/\/www.sjsk.sk\/index.php\/poloha-spolocnosti\/#primaryimage\"},\"image\":{\"@id\":\"https:\/\/www.sjsk.sk\/index.php\/poloha-spolocnosti\/#primaryimage\"},\"thumbnailUrl\":\"https:\/\/www.sjsk.sk\/wp-content\/uploads\/2019\/08\/Poloha-1-1024x764.jpg\",\"datePublished\":\"2019-08-26T16:51:58+00:00\",\"dateModified\":\"2019-08-26T16:51:59+00:00\",\"breadcrumb\":{\"@id\":\"https:\/\/www.sjsk.sk\/index.php\/poloha-spolocnosti\/#breadcrumb\"},\"inLanguage\":\"sk-SK\",\"potentialAction\":[{\"@type\":\"ReadAction\",\"target\":[\"https:\/\/www.sjsk.sk\/index.php\/poloha-spolocnosti\/\"]}]},{\"@type\":\"ImageObject\",\"inLanguage\":\"sk-SK\",\"@id\":\"https:\/\/www.sjsk.sk\/index.php\/poloha-spolocnosti\/#primaryimage\",\"url\":\"https:\/\/www.sjsk.sk\/wp-content\/uploads\/2019\/08\/Poloha-1.jpg\",\"contentUrl\":\"https:\/\/www.sjsk.sk\/wp-content\/uploads\/2019\/08\/Poloha-1.jpg\",\"width\":1440,\"height\":1075},{\"@type\":\"BreadcrumbList\",\"@id\":\"https:\/\/www.sjsk.sk\/index.php\/poloha-spolocnosti\/#breadcrumb\",\"itemListElement\":[{\"@type\":\"ListItem\",\"position\":1,\"name\":\"Home\",\"item\":\"https:\/\/www.sjsk.sk\/\"},{\"@type\":\"ListItem\",\"position\":2,\"name\":\"Poloha spolo\u010dnosti\"}]},{\"@type\":\"WebSite\",\"@id\":\"https:\/\/www.sjsk.sk\/#website\",\"url\":\"https:\/\/www.sjsk.sk\/\",\"name\":\"SJG Slovakia s.r.o.\",\"description\":\"dc\u00e9rska spolo\u010dnos\u0165 Sejong Industrial Co., Ltd.\",\"potentialAction\":[{\"@type\":\"SearchAction\",\"target\":{\"@type\":\"EntryPoint\",\"urlTemplate\":\"https:\/\/www.sjsk.sk\/?s={search_term_string}\"},\"query-input\":{\"@type\":\"PropertyValueSpecification\",\"valueRequired\":true,\"valueName\":\"search_term_string\"}}],\"inLanguage\":\"sk-SK\"}]}<\/script>\n<!-- \/ Yoast SEO plugin. -->","yoast_head_json":{"title":"Poloha spolo\u010dnosti - SJG Slovakia s.r.o.","robots":{"index":"index","follow":"follow","max-snippet":"max-snippet:-1","max-image-preview":"max-image-preview:large","max-video-preview":"max-video-preview:-1"},"canonical":"https:\/\/www.sjsk.sk\/index.php\/poloha-spolocnosti\/","og_locale":"sk_SK","og_type":"article","og_title":"Poloha spolo\u010dnosti - SJG Slovakia s.r.o.","og_description":"Kde v\u0161ade p\u00f4sob\u00ed spolo\u010dnos\u0165. Na\u0161e zast\u00fapenie n\u00e1jdete po celkom slovensku.","og_url":"https:\/\/www.sjsk.sk\/index.php\/poloha-spolocnosti\/","og_site_name":"SJG Slovakia s.r.o.","article_modified_time":"2019-08-26T16:51:59+00:00","og_image":[{"url":"https:\/\/www.sjsk.sk\/wp-content\/uploads\/2019\/08\/Poloha-1-1024x764.jpg","type":"","width":"","height":""}],"twitter_card":"summary_large_image","schema":{"@context":"https:\/\/schema.org","@graph":[{"@type":"WebPage","@id":"https:\/\/www.sjsk.sk\/index.php\/poloha-spolocnosti\/","url":"https:\/\/www.sjsk.sk\/index.php\/poloha-spolocnosti\/","name":"Poloha spolo\u010dnosti - SJG Slovakia s.r.o.","isPartOf":{"@id":"https:\/\/www.sjsk.sk\/#website"},"primaryImageOfPage":{"@id":"https:\/\/www.sjsk.sk\/index.php\/poloha-spolocnosti\/#primaryimage"},"image":{"@id":"https:\/\/www.sjsk.sk\/index.php\/poloha-spolocnosti\/#primaryimage"},"thumbnailUrl":"https:\/\/www.sjsk.sk\/wp-content\/uploads\/2019\/08\/Poloha-1-1024x764.jpg","datePublished":"2019-08-26T16:51:58+00:00","dateModified":"2019-08-26T16:51:59+00:00","breadcrumb":{"@id":"https:\/\/www.sjsk.sk\/index.php\/poloha-spolocnosti\/#breadcrumb"},"inLanguage":"sk-SK","potentialAction":[{"@type":"ReadAction","target":["https:\/\/www.sjsk.sk\/index.php\/poloha-spolocnosti\/"]}]},{"@type":"ImageObject","inLanguage":"sk-SK","@id":"https:\/\/www.sjsk.sk\/index.php\/poloha-spolocnosti\/#primaryimage","url":"https:\/\/www.sjsk.sk\/wp-content\/uploads\/2019\/08\/Poloha-1.jpg","contentUrl":"https:\/\/www.sjsk.sk\/wp-content\/uploads\/2019\/08\/Poloha-1.jpg","width":1440,"height":1075},{"@type":"BreadcrumbList","@id":"https:\/\/www.sjsk.sk\/index.php\/poloha-spolocnosti\/#breadcrumb","itemListElement":[{"@type":"ListItem","position":1,"name":"Home","item":"https:\/\/www.sjsk.sk\/"},{"@type":"ListItem","position":2,"name":"Poloha spolo\u010dnosti"}]},{"@type":"WebSite","@id":"https:\/\/www.sjsk.sk\/#website","url":"https:\/\/www.sjsk.sk\/","name":"SJG Slovakia s.r.o.","description":"dc\u00e9rska spolo\u010dnos\u0165 Sejong Industrial Co., Ltd.","potentialAction":[{"@type":"SearchAction","target":{"@type":"EntryPoint","urlTemplate":"https:\/\/www.sjsk.sk\/?s={search_term_string}"},"query-input":{"@type":"PropertyValueSpecification","valueRequired":true,"valueName":"search_term_string"}}],"inLanguage":"sk-SK"}]}},"_links":{"self":[{"href":"https:\/\/www.sjsk.sk\/index.php\/wp-json\/wp\/v2\/pages\/3621","targetHints":{"allow":["GET"]}}],"collection":[{"href":"https:\/\/www.sjsk.sk\/index.php\/wp-json\/wp\/v2\/pages"}],"about":[{"href":"https:\/\/www.sjsk.sk\/index.php\/wp-json\/wp\/v2\/types\/page"}],"author":[{"embeddable":true,"href":"https:\/\/www.sjsk.sk\/index.php\/wp-json\/wp\/v2\/users\/1"}],"replies":[{"embeddable":true,"href":"https:\/\/www.sjsk.sk\/index.php\/wp-json\/wp\/v2\/comments?post=3621"}],"version-history":[{"count":2,"href":"https:\/\/www.sjsk.sk\/index.php\/wp-json\/wp\/v2\/pages\/3621\/revisions"}],"predecessor-version":[{"id":3625,"href":"https:\/\/www.sjsk.sk\/index.php\/wp-json\/wp\/v2\/pages\/3621\/revisions\/3625"}],"wp:attachment":[{"href":"https:\/\/www.sjsk.sk\/index.php\/wp-json\/wp\/v2\/media?parent=3621"}],"curies":[{"name":"wp","href":"https:\/\/api.w.org\/{rel}","templated":true}]}}