{"id":3850,"date":"2024-09-03T10:47:26","date_gmt":"2024-09-03T08:47:26","guid":{"rendered":"https:\/\/www.sjsk.sk\/?page_id=3850"},"modified":"2025-05-06T09:21:24","modified_gmt":"2025-05-06T07:21:24","slug":"nahlasenie","status":"publish","type":"page","link":"https:\/\/www.sjsk.sk\/index.php\/nahlasenie\/","title":{"rendered":"Ohlasovanie podnetov"},"content":{"rendered":"\n<div class=\"forminator-guttenberg\"><div class=\"forminator-ui forminator-custom-form forminator-custom-form-3855 forminator-design--default forminator-custom forminator_ajax\" data-forminator-render=\"0\" data-form=\"forminator-module-3855\" data-uid=\"69f3624f8721c\"><br\/><\/div><form\n\t\t\t\tid=\"forminator-module-3855\"\n\t\t\t\tclass=\"forminator-ui forminator-custom-form forminator-custom-form-3855 forminator-design--default forminator-custom forminator_ajax\"\n\t\t\t\tmethod=\"post\"\n\t\t\t\tdata-forminator-render=\"0\"\n\t\t\t\tdata-form-id=\"3855\"\n\t\t\t\t\n\t\t\t\tdata-design=\"default\"\n\t\t\t\t\n\t\t\t\t\n\t\t\t\t\n\t\t\t\tdata-grid=\"custom\"\n\t\t\t\tenctype=\"multipart\/form-data\"\n\t\t\t\t\n\t\t\t\tstyle=\"display: none;\"\n\t\t\t\t\n\t\t\t\tdata-uid=\"69f3624f8721c\"\n\t\t\t><div role=\"alert\" aria-live=\"polite\" class=\"forminator-response-message forminator-error\" aria-hidden=\"true\"><\/div><div class=\"forminator-row\"><div id=\"name-1\" class=\"forminator-field-name forminator-col forminator-col-12 \"><div class=\"forminator-field\"><label for=\"forminator-field-name-1_69f3624f8721c\" id=\"forminator-field-name-1_69f3624f8721c-label\" class=\"forminator-label\">Meno a priezvisko <span class=\"forminator-required\">*<\/span><\/label><input type=\"text\" name=\"name-1\" value=\"\" placeholder=\"napr. John Poll\" id=\"forminator-field-name-1_69f3624f8721c\" class=\"forminator-input forminator-name--field\" aria-required=\"true\" aria-describedby=\"forminator-field-name-1_69f3624f8721c-description\" \/><span id=\"forminator-field-name-1_69f3624f8721c-description\" class=\"forminator-description\">(ak neuvediete svoje meno a priezvisko, v pr\u00edpade nezrovnalost\u00ed nebude mo\u017en\u00e9 podnet vyrie\u0161i\u0165)<\/span><\/div><\/div><\/div><div class=\"forminator-row\"><div id=\"email-1\" class=\"forminator-field-email forminator-col forminator-col-6 \"><div class=\"forminator-field\"><label for=\"forminator-field-email-1_69f3624f8721c\" id=\"forminator-field-email-1_69f3624f8721c-label\" class=\"forminator-label\">Kontakt <span class=\"forminator-required\">*<\/span><\/label><input type=\"email\" name=\"email-1\" value=\"\" placeholder=\"napr. john@poll.com\" id=\"forminator-field-email-1_69f3624f8721c\" class=\"forminator-input forminator-email--field\" data-required=\"1\" aria-required=\"true\" aria-describedby=\"forminator-field-email-1_69f3624f8721c-description\" \/><span id=\"forminator-field-email-1_69f3624f8721c-description\" class=\"forminator-description\">(na uveden\u00fa emailov\u00fa adresu V\u00e1m pr\u00edde potvrdenie o odoslan\u00ed podnetu)<\/span><\/div><\/div><div id=\"select-1\" class=\"forminator-field-select forminator-col forminator-col-6 \"><div class=\"forminator-field\"><label for=\"forminator-form-3855__field--select-1_69f3624f8721c\" id=\"forminator-form-3855__field--select-1_69f3624f8721c-label\" class=\"forminator-label\">Druh podnetu <span class=\"forminator-required\">*<\/span><\/label><select  id=\"forminator-form-3855__field--select-1_69f3624f8721c\" class=\"forminator-select--field forminator-select2 forminator-select2-multiple\" data-required=\"1\" name=\"select-1\" data-default-value=\"\" data-hidden-behavior=\"zero\" data-placeholder=\"zvolte...\" data-search=\"false\" data-search-placeholder=\"zvolte...\" data-checkbox=\"false\" data-allow-clear=\"false\" aria-labelledby=\"forminator-form-3855__field--select-1_69f3624f8721c-label\" aria-describedby=\"forminator-form-3855__field--select-1_69f3624f8721c-description\"><option value=\"\"  >zvolte...<\/option><option value=\"one\"  data-calculation=\"0\">1. N\u00e1vrh na zlep\u0161enie<\/option><option value=\"two\"  data-calculation=\"0\">2. Ot\u00e1zka, pripomienka, s\u0165a\u017enos\u0165<\/option><option value=\"three\"  data-calculation=\"0\">3. Bezpe\u010dnostn\u00e9 ozn\u00e1menie (z\u00e1vady)<\/option><\/select><span id=\"forminator-form-3855__field--select-1_69f3624f8721c-description\" class=\"forminator-description\">Pros\u00edm vyberte jedn\u00fa z mo\u017enost\u00ed<\/span><\/div><\/div><\/div><div class=\"forminator-row\"><div id=\"textarea-1\" class=\"forminator-field-textarea forminator-col forminator-col-12 \"><div class=\"forminator-field\"><label for=\"forminator-field-textarea-1_69f3624f8721c\" id=\"forminator-field-textarea-1_69f3624f8721c-label\" class=\"forminator-label\">Popis<\/label><textarea name=\"textarea-1\" placeholder=\"\" id=\"forminator-field-textarea-1_69f3624f8721c\" class=\"forminator-textarea\" rows=\"6\" style=\"min-height:140px;\" maxlength=\"1500\" ><\/textarea><span id=\"forminator-field-textarea-1_69f3624f8721c-description\" class=\"forminator-description\"><span data-limit=\"1500\" data-type=\"characters\" data-editor=\"\">0 \/ 1500<\/span><\/span><\/div><\/div><\/div><div class=\"forminator-row\"><div id=\"upload-1\" class=\"forminator-field-upload forminator-col forminator-col-12  E.g. Vyberte s\u00fabor\"><div class=\"forminator-field\"><label for=\"forminator-field-upload-1_69f3624f8721c\" id=\"forminator-field-upload-1_69f3624f8721c-label\" class=\"forminator-label\">Pr\u00edloha<\/label><div class=\"forminator-multi-upload \" data-element=\"upload-1_69f3624f8721c\" aria-describedby=\"forminator-field-upload-1_69f3624f8721c-description\"><input type=\"file\" name=\"upload-1[]\" id=\"forminator-field-upload-1_69f3624f8721c\" class=\"forminator-input-file forminator-field-upload-1_69f3624f8721c-3855\" multiple=\"multiple\" data-method=\"ajax\" data-size=\"20000000\" data-size-message=\"Maximum file size allowed is 20 MB. \"><div class=\"forminator-multi-upload-message\" aria-hidden=\"true\"><span class=\"forminator-icon-upload\" aria-hidden=\"true\"><\/span><p>Drag and Drop (or) <a class=\"forminator-upload-file--forminator-field-upload-1_69f3624f8721c\" href=\"#\" onclick=\"return false;\">Choose Files<\/a><\/p><\/div><\/div><span id=\"forminator-field-upload-1_69f3624f8721c-description\" class=\"forminator-description\">(napr. fotografia k n\u00e1vrhu na zlep\u0161enie, fotografia z\u00e1vady a pod.)<\/span><ul class=\"forminator-uploaded-files upload-container-upload-1_69f3624f8721c\"><\/ul><\/div><\/div><\/div><div class=\"forminator-row\"><div id=\"date-1\" class=\"forminator-field-date forminator-col forminator-col-12 \"><div class=\"forminator-field\"><label for=\"forminator-field-date-1-picker_69f3624f8721c\" id=\"forminator-field-date-1-picker_69f3624f8721c-label\" class=\"forminator-label\">D\u00e1tum <span class=\"forminator-required\">*<\/span><\/label><input autocomplete=\"off\" type=\"text\" size=\"1\" name=\"date-1\" value=\"30-04-2026\" placeholder=\"Choose Date\" id=\"forminator-field-date-1-picker_69f3624f8721c\" class=\"forminator-input forminator-datepicker\" data-required=\"1\" data-format=\"dd-mm-yy\" data-restrict-type=\"week\" data-restrict=\"0,6\" data-start-year=\"2026\" data-end-year=\"2026\" data-past-dates=\"enable\" data-start-of-week=\"1\" data-start-date=\"2026-04-27\" data-end-date=\"2026-04-30\" data-start-field=\"\" data-end-field=\"\" data-start-offset=\"\" data-end-offset=\"\" data-disable-date=\"\" data-disable-range=\"\" \/><\/div><\/div><\/div><div class=\"forminator-row\"><div id=\"checkbox-1\" class=\"forminator-field-checkbox forminator-col forminator-col-12 \"><div role=\"group\" class=\"forminator-field required\" aria-labelledby=\"forminator-checkbox-group-forminator-field-checkbox-1-69f3624f8721c-label\"><label id=\"forminator-field-checkbox-1-1-69f3624f8721c-label\" for=\"forminator-field-checkbox-1-1-69f3624f8721c\" class=\"forminator-checkbox\" title=\"Prehlasujem, \u017ee som bol informovan\u00fd o sprac\u00favan\u00ed mojich osobn\u00fdch \u00fadajov\"><input type=\"checkbox\" name=\"checkbox-1[]\" value=\"one\" id=\"forminator-field-checkbox-1-1-69f3624f8721c\" aria-labelledby=\"forminator-field-checkbox-1-1-69f3624f8721c-label\" data-calculation=\"0\"   data-hidden-behavior=\"zero\"\/><span class=\"forminator-checkbox-box\" aria-hidden=\"true\"><\/span><span class=\"forminator-checkbox-label\">Prehlasujem, \u017ee som bol informovan\u00fd o sprac\u00favan\u00ed mojich osobn\u00fdch \u00fadajov<\/span><\/label><\/div><\/div><\/div><div class=\"forminator-row\"><div id=\"html-1\" class=\"forminator-field-html forminator-col forminator-col-12 \"><div class=\"forminator-field forminator-merge-tags\" data-field=\"html-1\"><p><a rel=\"noopener\" target=\"_blank\" href=\"https:\/\/www.sjsk.sk\/wp-content\/uploads\/2025\/05\/IDO-webovy-formular-pre-staznosti.pdf\">Inform\u00e1cia pre dotknut\u00e9 osoby<\/a><\/p><\/div><\/div><\/div><input type=\"hidden\" name=\"referer_url\" value=\"\" \/><div class=\"forminator-row forminator-row-last\"><div class=\"forminator-col\"><div class=\"forminator-field\"><button class=\"forminator-button forminator-button-submit\">NAHL&Aacute;SI\u0164 PODNET<\/button><\/div><\/div><\/div><input type=\"hidden\" id=\"forminator_nonce\" name=\"forminator_nonce\" value=\"0c7692ae9a\" \/><input type=\"hidden\" name=\"_wp_http_referer\" value=\"\/index.php\/wp-json\/wp\/v2\/pages\/3850\" \/><input type=\"hidden\" name=\"form_id\" value=\"3855\"><input type=\"hidden\" name=\"page_id\" value=\"3850\"><input type=\"hidden\" name=\"form_type\" value=\"default\"><input type=\"hidden\" name=\"current_url\" value=\"https:\/\/www.sjsk.sk\/index.php\/nahlasenie\/\"><input type=\"hidden\" name=\"render_id\" value=\"0\"><input type=\"hidden\" name=\"forminator-multifile-hidden\" class=\"forminator-multifile-hidden\"><input type=\"hidden\" name=\"action\" value=\"forminator_submit_form_custom-forms\"><\/form><\/div>\n","protected":false},"excerpt":{"rendered":"","protected":false},"author":1,"featured_media":0,"parent":0,"menu_order":0,"comment_status":"closed","ping_status":"closed","template":"","meta":{"_monsterinsights_skip_tracking":false,"_monsterinsights_sitenote_active":false,"_monsterinsights_sitenote_note":"","_monsterinsights_sitenote_category":0,"footnotes":""},"class_list":["post-3850","page","type-page","status-publish","hentry"],"yoast_head":"<!-- This site is optimized with the Yoast SEO plugin v25.6 - https:\/\/yoast.com\/wordpress\/plugins\/seo\/ -->\n<title>Ohlasovanie podnetov - SJG Slovakia s.r.o.<\/title>\n<meta name=\"robots\" content=\"index, follow, max-snippet:-1, max-image-preview:large, max-video-preview:-1\" \/>\n<link rel=\"canonical\" href=\"https:\/\/www.sjsk.sk\/index.php\/nahlasenie\/\" \/>\n<meta property=\"og:locale\" content=\"sk_SK\" \/>\n<meta property=\"og:type\" content=\"article\" \/>\n<meta property=\"og:title\" content=\"Ohlasovanie podnetov - SJG Slovakia s.r.o.\" \/>\n<meta property=\"og:url\" content=\"https:\/\/www.sjsk.sk\/index.php\/nahlasenie\/\" \/>\n<meta property=\"og:site_name\" content=\"SJG Slovakia s.r.o.\" \/>\n<meta property=\"article:modified_time\" content=\"2025-05-06T07:21:24+00:00\" \/>\n<meta name=\"twitter:card\" content=\"summary_large_image\" \/>\n<meta name=\"twitter:label1\" content=\"Predpokladan\u00fd \u010das \u010d\u00edtania\" \/>\n\t<meta name=\"twitter:data1\" content=\"1 min\u00fata\" \/>\n<script type=\"application\/ld+json\" class=\"yoast-schema-graph\">{\"@context\":\"https:\/\/schema.org\",\"@graph\":[{\"@type\":\"WebPage\",\"@id\":\"https:\/\/www.sjsk.sk\/index.php\/nahlasenie\/\",\"url\":\"https:\/\/www.sjsk.sk\/index.php\/nahlasenie\/\",\"name\":\"Ohlasovanie podnetov - SJG Slovakia s.r.o.\",\"isPartOf\":{\"@id\":\"https:\/\/www.sjsk.sk\/#website\"},\"datePublished\":\"2024-09-03T08:47:26+00:00\",\"dateModified\":\"2025-05-06T07:21:24+00:00\",\"breadcrumb\":{\"@id\":\"https:\/\/www.sjsk.sk\/index.php\/nahlasenie\/#breadcrumb\"},\"inLanguage\":\"sk-SK\",\"potentialAction\":[{\"@type\":\"ReadAction\",\"target\":[\"https:\/\/www.sjsk.sk\/index.php\/nahlasenie\/\"]}]},{\"@type\":\"BreadcrumbList\",\"@id\":\"https:\/\/www.sjsk.sk\/index.php\/nahlasenie\/#breadcrumb\",\"itemListElement\":[{\"@type\":\"ListItem\",\"position\":1,\"name\":\"Home\",\"item\":\"https:\/\/www.sjsk.sk\/\"},{\"@type\":\"ListItem\",\"position\":2,\"name\":\"Ohlasovanie podnetov\"}]},{\"@type\":\"WebSite\",\"@id\":\"https:\/\/www.sjsk.sk\/#website\",\"url\":\"https:\/\/www.sjsk.sk\/\",\"name\":\"SJG Slovakia s.r.o.\",\"description\":\"dc\u00e9rska spolo\u010dnos\u0165 Sejong Industrial Co., Ltd.\",\"potentialAction\":[{\"@type\":\"SearchAction\",\"target\":{\"@type\":\"EntryPoint\",\"urlTemplate\":\"https:\/\/www.sjsk.sk\/?s={search_term_string}\"},\"query-input\":{\"@type\":\"PropertyValueSpecification\",\"valueRequired\":true,\"valueName\":\"search_term_string\"}}],\"inLanguage\":\"sk-SK\"}]}<\/script>\n<!-- \/ Yoast SEO plugin. -->","yoast_head_json":{"title":"Ohlasovanie podnetov - SJG Slovakia s.r.o.","robots":{"index":"index","follow":"follow","max-snippet":"max-snippet:-1","max-image-preview":"max-image-preview:large","max-video-preview":"max-video-preview:-1"},"canonical":"https:\/\/www.sjsk.sk\/index.php\/nahlasenie\/","og_locale":"sk_SK","og_type":"article","og_title":"Ohlasovanie podnetov - SJG Slovakia s.r.o.","og_url":"https:\/\/www.sjsk.sk\/index.php\/nahlasenie\/","og_site_name":"SJG Slovakia s.r.o.","article_modified_time":"2025-05-06T07:21:24+00:00","twitter_card":"summary_large_image","twitter_misc":{"Predpokladan\u00fd \u010das \u010d\u00edtania":"1 min\u00fata"},"schema":{"@context":"https:\/\/schema.org","@graph":[{"@type":"WebPage","@id":"https:\/\/www.sjsk.sk\/index.php\/nahlasenie\/","url":"https:\/\/www.sjsk.sk\/index.php\/nahlasenie\/","name":"Ohlasovanie podnetov - SJG Slovakia s.r.o.","isPartOf":{"@id":"https:\/\/www.sjsk.sk\/#website"},"datePublished":"2024-09-03T08:47:26+00:00","dateModified":"2025-05-06T07:21:24+00:00","breadcrumb":{"@id":"https:\/\/www.sjsk.sk\/index.php\/nahlasenie\/#breadcrumb"},"inLanguage":"sk-SK","potentialAction":[{"@type":"ReadAction","target":["https:\/\/www.sjsk.sk\/index.php\/nahlasenie\/"]}]},{"@type":"BreadcrumbList","@id":"https:\/\/www.sjsk.sk\/index.php\/nahlasenie\/#breadcrumb","itemListElement":[{"@type":"ListItem","position":1,"name":"Home","item":"https:\/\/www.sjsk.sk\/"},{"@type":"ListItem","position":2,"name":"Ohlasovanie podnetov"}]},{"@type":"WebSite","@id":"https:\/\/www.sjsk.sk\/#website","url":"https:\/\/www.sjsk.sk\/","name":"SJG Slovakia s.r.o.","description":"dc\u00e9rska spolo\u010dnos\u0165 Sejong Industrial Co., Ltd.","potentialAction":[{"@type":"SearchAction","target":{"@type":"EntryPoint","urlTemplate":"https:\/\/www.sjsk.sk\/?s={search_term_string}"},"query-input":{"@type":"PropertyValueSpecification","valueRequired":true,"valueName":"search_term_string"}}],"inLanguage":"sk-SK"}]}},"_links":{"self":[{"href":"https:\/\/www.sjsk.sk\/index.php\/wp-json\/wp\/v2\/pages\/3850","targetHints":{"allow":["GET"]}}],"collection":[{"href":"https:\/\/www.sjsk.sk\/index.php\/wp-json\/wp\/v2\/pages"}],"about":[{"href":"https:\/\/www.sjsk.sk\/index.php\/wp-json\/wp\/v2\/types\/page"}],"author":[{"embeddable":true,"href":"https:\/\/www.sjsk.sk\/index.php\/wp-json\/wp\/v2\/users\/1"}],"replies":[{"embeddable":true,"href":"https:\/\/www.sjsk.sk\/index.php\/wp-json\/wp\/v2\/comments?post=3850"}],"version-history":[{"count":4,"href":"https:\/\/www.sjsk.sk\/index.php\/wp-json\/wp\/v2\/pages\/3850\/revisions"}],"predecessor-version":[{"id":3866,"href":"https:\/\/www.sjsk.sk\/index.php\/wp-json\/wp\/v2\/pages\/3850\/revisions\/3866"}],"wp:attachment":[{"href":"https:\/\/www.sjsk.sk\/index.php\/wp-json\/wp\/v2\/media?parent=3850"}],"curies":[{"name":"wp","href":"https:\/\/api.w.org\/{rel}","templated":true}]}}